{"id":343,"date":"2026-02-28T09:41:31","date_gmt":"2026-02-28T08:41:31","guid":{"rendered":"https:\/\/dolceduoacoustique.fr\/?page_id=343"},"modified":"2026-03-04T18:55:59","modified_gmt":"2026-03-04T17:55:59","slug":"f-a-q","status":"publish","type":"page","link":"https:\/\/dolceduoacoustique.fr\/index.php\/f-a-q\/","title":{"rendered":"F.A.Q"},"content":{"rendered":"\n<h3 class=\"wp-block-heading\">\u25cf<em>&nbsp;<\/em><strong>Quelle est la dur\u00e9e de votre prestation ?&nbsp;<\/strong><\/h3>\n\n\n\n<p><em>Nous pouvons jouer entre <strong>1 heure et 3 heures de live<\/strong>, selon le format souhait\u00e9.<br>Nous proposons \u00e9galement <strong>2 ou 3 sets de 45 minutes<\/strong>, et adaptons notre prestation au rythme et \u00e0 l\u2019ambiance de votre \u00e9v\u00e9nement.<\/em><\/p>\n\n\n\n<p><em>Lorsque plusieurs sets sont pr\u00e9vus, nous assurons la continuit\u00e9 avec une <strong>ambiance musicale via playlist<\/strong>, pour que l\u2019atmosph\u00e8re reste harmonieuse entre nos interventions.<\/em><\/p>\n\n\n\n<p><em>Dans le cadre d\u2019un mariage, nous mettons \u00e9galement <strong>un micro \u00e0 disposition pour vos prises de parole<\/strong>.<\/em><\/p>\n\n\n\n<hr class=\"wp-block-separator has-alpha-channel-opacity\"\/>\n\n\n\n<h3 class=\"wp-block-heading\">\u25cf&nbsp;<strong>Quels services sont inclus dans le tarif de la prestation ?&nbsp;<\/strong><\/h3>\n\n\n\n<p><em>La sonorisation, les \u00e9clairages, ainsi que l\u2019installation et le d\u00e9montage sont inclus dans la prestation.<\/em><\/p>\n\n\n\n<hr class=\"wp-block-separator has-alpha-channel-opacity\"\/>\n\n\n\n<h3 class=\"wp-block-heading\">\u25cf<em>&nbsp;<\/em><strong>Quels sont nos besoins sur place ?&nbsp;<\/strong><\/h3>\n\n\n\n<p><em>Afin de vous garantir une prestation dans les meilleures conditions, nous avons besoin d\u2019une <strong>prise \u00e9lectrique standard<\/strong>, d\u2019un <strong>espace d\u2019environ 3 m\u00b2 sur un sol plat et stable<\/strong>, ainsi que d\u2019un <strong>emplacement couvert ou ombrag\u00e9<\/strong>, en fonction des conditions m\u00e9t\u00e9orologiques.<\/em><\/p>\n\n\n\n<hr class=\"wp-block-separator has-alpha-channel-opacity\"\/>\n\n\n\n<h3 class=\"wp-block-heading\">\u25cf<em>&nbsp;<\/em><strong>Vous d\u00e9placez-vous partout ?&nbsp;<\/strong><\/h3>\n\n\n\n<p><em>Nous nous d\u00e9pla\u00e7ons dans un p\u00e9rim\u00e8tre d\u2019environ 2 heures autour d\u2019Aix-en-Provence.<\/em><\/p>\n\n\n\n<hr class=\"wp-block-separator has-alpha-channel-opacity\"\/>\n\n\n\n<h3 class=\"wp-block-heading\">\u25cf<em>&nbsp;<\/em><strong>Comment r\u00e9server le duo DOLCE?&nbsp;<\/strong><\/h3>\n\n\n\n<p><em>Il vous suffit de nous envoyer un message en pr\u00e9cisant les informations essentielles : <strong>date, lieu et type de prestation souhait\u00e9e<\/strong>. Nous vous transmettrons ensuite notre <strong>plaquette compl\u00e8te<\/strong>, ainsi qu\u2019une <strong>proposition tarifaire adapt\u00e9e<\/strong> \u00e0 votre \u00e9v\u00e9nement.<\/em><\/p>\n\n\n\n<p><em>Si vous le souhaitez, nous pouvons convenir d\u2019un <strong>rendez-vous t\u00e9l\u00e9phonique<\/strong> afin d\u2019\u00e9changer plus en d\u00e9tail et valider ensemble les derniers points.<\/em><\/p>\n\n\n\n<p><em>La r\u00e9servation est confirm\u00e9e par la <strong>signature d\u2019un contrat de prestation<\/strong> et le <strong>versement d\u2019un acompte<\/strong>.<\/em><\/p>\n\n\n\n<p><em>Nous restons bien s\u00fbr disponibles \u00e0 chaque \u00e9tape pour vous accompagner sereinement dans l\u2019organisation.<\/em><\/p>\n\n\n\n<p><\/p>\n","protected":false},"excerpt":{"rendered":"<p>\u25cf&nbsp;Quelle est la dur\u00e9e de votre prestation ?&nbsp; Nous pouvons jouer entre 1 heure et 3 heures de live, selon [&hellip;]<\/p>\n","protected":false},"author":1,"featured_media":0,"parent":0,"menu_order":0,"comment_status":"closed","ping_status":"closed","template":"","meta":{"site-sidebar-layout":"default","site-content-layout":"","ast-site-content-layout":"narrow-width-container","site-content-style":"default","site-sidebar-style":"default","ast-global-header-display":"","ast-banner-title-visibility":"","ast-main-header-display":"","ast-hfb-above-header-display":"","ast-hfb-below-header-display":"","ast-hfb-mobile-header-display":"","site-post-title":"","ast-breadcrumbs-content":"","ast-featured-img":"","footer-sml-layout":"","ast-disable-related-posts":"","theme-transparent-header-meta":"","adv-header-id-meta":"","stick-header-meta":"","header-above-stick-meta":"","header-main-stick-meta":"","header-below-stick-meta":"","astra-migrate-meta-layouts":"default","ast-page-background-enabled":"default","ast-page-background-meta":{"desktop":{"background-color":"var(--ast-global-color-5)","background-image":"","background-repeat":"repeat","background-position":"center center","background-size":"auto","background-attachment":"scroll","background-type":"","background-media":"","overlay-type":"","overlay-color":"","overlay-opacity":"","overlay-gradient":""},"tablet":{"background-color":"","background-image":"","background-repeat":"repeat","background-position":"center center","background-size":"auto","background-attachment":"scroll","background-type":"","background-media":"","overlay-type":"","overlay-color":"","overlay-opacity":"","overlay-gradient":""},"mobile":{"background-color":"","background-image":"","background-repeat":"repeat","background-position":"center center","background-size":"auto","background-attachment":"scroll","background-type":"","background-media":"","overlay-type":"","overlay-color":"","overlay-opacity":"","overlay-gradient":""}},"ast-content-background-meta":{"desktop":{"background-color":"var(--ast-global-color-4)","background-image":"","background-repeat":"repeat","background-position":"center center","background-size":"auto","background-attachment":"scroll","background-type":"","background-media":"","overlay-type":"","overlay-color":"","overlay-opacity":"","overlay-gradient":""},"tablet":{"background-color":"var(--ast-global-color-4)","background-image":"","background-repeat":"repeat","background-position":"center center","background-size":"auto","background-attachment":"scroll","background-type":"","background-media":"","overlay-type":"","overlay-color":"","overlay-opacity":"","overlay-gradient":""},"mobile":{"background-color":"var(--ast-global-color-4)","background-image":"","background-repeat":"repeat","background-position":"center center","background-size":"auto","background-attachment":"scroll","background-type":"","background-media":"","overlay-type":"","overlay-color":"","overlay-opacity":"","overlay-gradient":""}},"ngg_post_thumbnail":0,"footnotes":""},"class_list":["post-343","page","type-page","status-publish","hentry"],"_links":{"self":[{"href":"https:\/\/dolceduoacoustique.fr\/index.php\/wp-json\/wp\/v2\/pages\/343","targetHints":{"allow":["GET"]}}],"collection":[{"href":"https:\/\/dolceduoacoustique.fr\/index.php\/wp-json\/wp\/v2\/pages"}],"about":[{"href":"https:\/\/dolceduoacoustique.fr\/index.php\/wp-json\/wp\/v2\/types\/page"}],"author":[{"embeddable":true,"href":"https:\/\/dolceduoacoustique.fr\/index.php\/wp-json\/wp\/v2\/users\/1"}],"replies":[{"embeddable":true,"href":"https:\/\/dolceduoacoustique.fr\/index.php\/wp-json\/wp\/v2\/comments?post=343"}],"version-history":[{"count":17,"href":"https:\/\/dolceduoacoustique.fr\/index.php\/wp-json\/wp\/v2\/pages\/343\/revisions"}],"predecessor-version":[{"id":393,"href":"https:\/\/dolceduoacoustique.fr\/index.php\/wp-json\/wp\/v2\/pages\/343\/revisions\/393"}],"wp:attachment":[{"href":"https:\/\/dolceduoacoustique.fr\/index.php\/wp-json\/wp\/v2\/media?parent=343"}],"curies":[{"name":"wp","href":"https:\/\/api.w.org\/{rel}","templated":true}]}}